{"id":4645,"date":"2016-06-11T14:25:44","date_gmt":"2016-06-11T14:25:44","guid":{"rendered":"https:\/\/www.elfmakine.com\/anasayfa\/"},"modified":"2020-11-24T01:10:07","modified_gmt":"2020-11-23T22:10:07","slug":"anasayfa","status":"publish","type":"page","link":"https:\/\/www.elfmakine.com\/en\/","title":{"rendered":"Home"},"content":{"rendered":"","protected":false},"excerpt":{"rendered":"","protected":false},"author":1,"featured_media":4611,"parent":0,"menu_order":0,"comment_status":"closed","ping_status":"closed","template":"","meta":{"_joinchat":[]},"yoast_head":"<!-- This site is optimized with the Yoast SEO plugin v21.1 - https:\/\/yoast.com\/wordpress\/plugins\/seo\/ -->\n<title>ELF Machine | Professional Cigarette Wrapping Machine Production<\/title>\n<meta name=\"description\" content=\"ELF Machine is with you for your professional tobacco wrapping machine needs ... Visit our site for our normal and slim cigarette rolling machine models!\" \/>\n<meta name=\"robots\" content=\"index, follow, max-snippet:-1, max-image-preview:large, max-video-preview:-1\" \/>\n<link rel=\"canonical\" href=\"https:\/\/www.elfmakine.com\/en\/\" \/>\n<meta property=\"og:locale\" content=\"en_US\" \/>\n<meta property=\"og:type\" content=\"article\" \/>\n<meta property=\"og:title\" content=\"ELF Machine | Professional Cigarette Wrapping Machine Production\" \/>\n<meta property=\"og:description\" content=\"ELF Machine is with you for your professional tobacco wrapping machine needs ... Visit our site for our normal and slim cigarette rolling machine models!\" \/>\n<meta property=\"og:url\" content=\"https:\/\/www.elfmakine.com\/en\/\" \/>\n<meta property=\"og:site_name\" content=\"ELF MAK\u0130NE\" \/>\n<meta property=\"article:publisher\" content=\"https:\/\/www.facebook.com\/elfmakine\/\" \/>\n<meta property=\"article:modified_time\" content=\"2020-11-23T22:10:07+00:00\" \/>\n<meta property=\"og:image\" content=\"https:\/\/www.elfmakine.com\/wp-content\/uploads\/2020\/05\/elf-makine-facebook-paylasim.jpg\" \/>\n\t<meta property=\"og:image:width\" content=\"1200\" \/>\n\t<meta property=\"og:image:height\" content=\"630\" \/>\n\t<meta property=\"og:image:type\" content=\"image\/jpeg\" \/>\n<meta name=\"twitter:card\" content=\"summary_large_image\" \/>\n<meta name=\"twitter:image\" content=\"https:\/\/www.elfmakine.com\/wp-content\/uploads\/2020\/05\/elf-makine-twitter-paylasim.jpg\" \/>\n<meta name=\"twitter:site\" content=\"@elfmakine\" \/>\n<script type=\"application\/ld+json\" class=\"yoast-schema-graph\">{\"@context\":\"https:\/\/schema.org\",\"@graph\":[{\"@type\":\"WebPage\",\"@id\":\"https:\/\/www.elfmakine.com\/en\/\",\"url\":\"https:\/\/www.elfmakine.com\/en\/\",\"name\":\"ELF Machine | Professional Cigarette Wrapping Machine Production\",\"isPartOf\":{\"@id\":\"https:\/\/www.elfmakine.com\/#website\"},\"datePublished\":\"2016-06-11T14:25:44+00:00\",\"dateModified\":\"2020-11-23T22:10:07+00:00\",\"description\":\"ELF Machine is with you for your professional tobacco wrapping machine needs ... Visit our site for our normal and slim cigarette rolling machine models!\",\"breadcrumb\":{\"@id\":\"https:\/\/www.elfmakine.com\/en\/#breadcrumb\"},\"inLanguage\":\"en-US\",\"potentialAction\":[{\"@type\":\"ReadAction\",\"target\":[\"https:\/\/www.elfmakine.com\/en\/\"]}]},{\"@type\":\"BreadcrumbList\",\"@id\":\"https:\/\/www.elfmakine.com\/en\/#breadcrumb\",\"itemListElement\":[{\"@type\":\"ListItem\",\"position\":1,\"name\":\"Ana sayfa\",\"item\":\"https:\/\/www.elfmakine.com\/en\/\"},{\"@type\":\"ListItem\",\"position\":2,\"name\":\"Home\"}]},{\"@type\":\"WebSite\",\"@id\":\"https:\/\/www.elfmakine.com\/#website\",\"url\":\"https:\/\/www.elfmakine.com\/\",\"name\":\"ELF MAK\u0130NE\",\"description\":\"Profesyonel T\u00fct\u00fcn Sarma Makineleri\",\"publisher\":{\"@id\":\"https:\/\/www.elfmakine.com\/#organization\"},\"potentialAction\":[{\"@type\":\"SearchAction\",\"target\":{\"@type\":\"EntryPoint\",\"urlTemplate\":\"https:\/\/www.elfmakine.com\/?s={search_term_string}\"},\"query-input\":\"required name=search_term_string\"}],\"inLanguage\":\"en-US\"},{\"@type\":\"Organization\",\"@id\":\"https:\/\/www.elfmakine.com\/#organization\",\"name\":\"ELF MAK\u0130NE\",\"url\":\"https:\/\/www.elfmakine.com\/\",\"logo\":{\"@type\":\"ImageObject\",\"inLanguage\":\"en-US\",\"@id\":\"https:\/\/www.elfmakine.com\/#\/schema\/logo\/image\/\",\"url\":\"https:\/\/www.elfmakine.com\/wp-content\/uploads\/2020\/05\/elf-makine-logo-beyaz-.png\",\"contentUrl\":\"https:\/\/www.elfmakine.com\/wp-content\/uploads\/2020\/05\/elf-makine-logo-beyaz-.png\",\"width\":471,\"height\":98,\"caption\":\"ELF MAK\u0130NE\"},\"image\":{\"@id\":\"https:\/\/www.elfmakine.com\/#\/schema\/logo\/image\/\"},\"sameAs\":[\"https:\/\/www.facebook.com\/elfmakine\/\",\"https:\/\/twitter.com\/elfmakine\",\"https:\/\/www.instagram.com\/elfmakine\/\",\"https:\/\/tr.pinterest.com\/elfmakine\/\",\"https:\/\/www.youtube.com\/channel\/UCbPFeuGxfjrBfYujMecQDoA\"]}]}<\/script>\n<!-- \/ Yoast SEO plugin. -->","yoast_head_json":{"title":"ELF Machine | Professional Cigarette Wrapping Machine Production","description":"ELF Machine is with you for your professional tobacco wrapping machine needs ... Visit our site for our normal and slim cigarette rolling machine models!","robots":{"index":"index","follow":"follow","max-snippet":"max-snippet:-1","max-image-preview":"max-image-preview:large","max-video-preview":"max-video-preview:-1"},"canonical":"https:\/\/www.elfmakine.com\/en\/","og_locale":"en_US","og_type":"article","og_title":"ELF Machine | Professional Cigarette Wrapping Machine Production","og_description":"ELF Machine is with you for your professional tobacco wrapping machine needs ... Visit our site for our normal and slim cigarette rolling machine models!","og_url":"https:\/\/www.elfmakine.com\/en\/","og_site_name":"ELF MAK\u0130NE","article_publisher":"https:\/\/www.facebook.com\/elfmakine\/","article_modified_time":"2020-11-23T22:10:07+00:00","og_image":[{"width":1200,"height":630,"url":"https:\/\/www.elfmakine.com\/wp-content\/uploads\/2020\/05\/elf-makine-facebook-paylasim.jpg","type":"image\/jpeg"}],"twitter_card":"summary_large_image","twitter_image":"https:\/\/www.elfmakine.com\/wp-content\/uploads\/2020\/05\/elf-makine-twitter-paylasim.jpg","twitter_site":"@elfmakine","schema":{"@context":"https:\/\/schema.org","@graph":[{"@type":"WebPage","@id":"https:\/\/www.elfmakine.com\/en\/","url":"https:\/\/www.elfmakine.com\/en\/","name":"ELF Machine | Professional Cigarette Wrapping Machine Production","isPartOf":{"@id":"https:\/\/www.elfmakine.com\/#website"},"datePublished":"2016-06-11T14:25:44+00:00","dateModified":"2020-11-23T22:10:07+00:00","description":"ELF Machine is with you for your professional tobacco wrapping machine needs ... Visit our site for our normal and slim cigarette rolling machine models!","breadcrumb":{"@id":"https:\/\/www.elfmakine.com\/en\/#breadcrumb"},"inLanguage":"en-US","potentialAction":[{"@type":"ReadAction","target":["https:\/\/www.elfmakine.com\/en\/"]}]},{"@type":"BreadcrumbList","@id":"https:\/\/www.elfmakine.com\/en\/#breadcrumb","itemListElement":[{"@type":"ListItem","position":1,"name":"Ana sayfa","item":"https:\/\/www.elfmakine.com\/en\/"},{"@type":"ListItem","position":2,"name":"Home"}]},{"@type":"WebSite","@id":"https:\/\/www.elfmakine.com\/#website","url":"https:\/\/www.elfmakine.com\/","name":"ELF MAK\u0130NE","description":"Profesyonel T\u00fct\u00fcn Sarma Makineleri","publisher":{"@id":"https:\/\/www.elfmakine.com\/#organization"},"potentialAction":[{"@type":"SearchAction","target":{"@type":"EntryPoint","urlTemplate":"https:\/\/www.elfmakine.com\/?s={search_term_string}"},"query-input":"required name=search_term_string"}],"inLanguage":"en-US"},{"@type":"Organization","@id":"https:\/\/www.elfmakine.com\/#organization","name":"ELF MAK\u0130NE","url":"https:\/\/www.elfmakine.com\/","logo":{"@type":"ImageObject","inLanguage":"en-US","@id":"https:\/\/www.elfmakine.com\/#\/schema\/logo\/image\/","url":"https:\/\/www.elfmakine.com\/wp-content\/uploads\/2020\/05\/elf-makine-logo-beyaz-.png","contentUrl":"https:\/\/www.elfmakine.com\/wp-content\/uploads\/2020\/05\/elf-makine-logo-beyaz-.png","width":471,"height":98,"caption":"ELF MAK\u0130NE"},"image":{"@id":"https:\/\/www.elfmakine.com\/#\/schema\/logo\/image\/"},"sameAs":["https:\/\/www.facebook.com\/elfmakine\/","https:\/\/twitter.com\/elfmakine","https:\/\/www.instagram.com\/elfmakine\/","https:\/\/tr.pinterest.com\/elfmakine\/","https:\/\/www.youtube.com\/channel\/UCbPFeuGxfjrBfYujMecQDoA"]}]}},"_links":{"self":[{"href":"https:\/\/www.elfmakine.com\/en\/wp-json\/wp\/v2\/pages\/4645\/"}],"collection":[{"href":"https:\/\/www.elfmakine.com\/en\/wp-json\/wp\/v2\/pages\/"}],"about":[{"href":"https:\/\/www.elfmakine.com\/en\/wp-json\/wp\/v2\/types\/page\/"}],"author":[{"embeddable":true,"href":"https:\/\/www.elfmakine.com\/en\/wp-json\/wp\/v2\/users\/1\/"}],"replies":[{"embeddable":true,"href":"https:\/\/www.elfmakine.com\/en\/wp-json\/wp\/v2\/comments\/?post=4645"}],"version-history":[{"count":5,"href":"https:\/\/www.elfmakine.com\/en\/wp-json\/wp\/v2\/pages\/4645\/revisions\/"}],"predecessor-version":[{"id":4807,"href":"https:\/\/www.elfmakine.com\/en\/wp-json\/wp\/v2\/pages\/4645\/revisions\/4807\/"}],"wp:featuredmedia":[{"embeddable":true,"href":"https:\/\/www.elfmakine.com\/en\/wp-json\/wp\/v2\/media\/4611\/"}],"wp:attachment":[{"href":"https:\/\/www.elfmakine.com\/en\/wp-json\/wp\/v2\/media\/?parent=4645"}],"curies":[{"name":"wp","href":"https:\/\/api.w.org\/{rel}","templated":true}]}}